{"id":2,"date":"2013-08-16T21:50:22","date_gmt":"2013-08-16T21:50:22","guid":{"rendered":"http:\/\/karuli.net\/blog\/\/?page_id=2"},"modified":"2014-10-24T13:32:50","modified_gmt":"2014-10-24T11:32:50","slug":"a-propos","status":"publish","type":"page","link":"http:\/\/karuli.net\/blog\/a-propos\/","title":{"rendered":"L&rsquo;astroport"},"content":{"rendered":"<p><strong>Bienvenue sur la<\/strong> <span style=\"color: #333399;\"><strong>Plan\u00e8te sletch<\/strong><\/span><strong> !<\/strong><\/p>\n<p>Vous aimez les maquettes ? Vous \u00eates venus au bon endroit puisque l&rsquo;int\u00e9gralit\u00e9 de ce site est d\u00e9di\u00e9 aux mod\u00e8les r\u00e9duits !<\/p>\n<p>En parcourant la barre de menu, vous d\u00e9couvrirez les montages r\u00e9alis\u00e9s par <strong>sletch<\/strong> et ses enfants <strong>Lili<\/strong> et <strong>K-mon<\/strong> (prononcez \u00ab\u00a0K Mone\u00a0\u00bb). Les montages termin\u00e9s sont directement accessibles en cliquant sur\u00a0 <b>a\u00e9ronefs, <\/b><b><strong>figurines<\/strong><\/b> ou\u00a0<b>v\u00e9hicules<\/b>.<\/p>\n<p>Vous noterez qu&rsquo;une bonne place est r\u00e9serv\u00e9e au<b> <\/b>monde imaginaire de <strong>Jonas LEITCH<\/strong>. Dans ce cas, le montage est accompagn\u00e9 d&rsquo;un r\u00e9cit relatant l&rsquo;histoire de l&rsquo;appareil. Il s&rsquo;agit l\u00e0\u00a0d&rsquo;histoires fictives ou plut\u00f4t \u00ab\u00a0alternatives\u00a0\u00bb puisqu&rsquo;elles rel\u00e8vent du domaine de l&rsquo;<b><a title=\"Cliquer pour savoir ce qu'est une uchronie\" href=\"http:\/\/karuli.net\/blog\/category\/a-propos-de-sletch\/\" target=\"_blank\">uchronie<\/a>\u00a0<\/b>voire du fantastique<b>.<\/b><\/p>\n<p>Les <b>dioramas<\/b> sont des mises en situation de\u00a0maquettes. Vous en trouverez sur le lien du m\u00eame nom.<\/p>\n<p>De m\u00eame, si vous voulez conna\u00eetre le secret du montage de ces mod\u00e8les r\u00e9duits, rendez-vous sur le menu <b>D\u00e9tail des montages<\/b>.<\/p>\n<p>On parle de tout dans <strong>Le Cosmo bar<\/strong>&#8230; des r\u00e9cits, des infos sur le cr\u00e9ateur de cette plan\u00e8te, un <b><a href=\"http:\/\/karuli.net\/blog\/category\/a-propos-de-sletch\/le-centre-commercial\/\" target=\"_blank\">centre commercial<\/a>\u00a0<\/b>ou vous\u00a0pourrez faire vos\u00a0emplettes&#8230; \u00a0et bien d&rsquo;autres choses encore.<\/p>\n<p>Enfin, l&rsquo;<strong>astroport<\/strong> \u00a0contient des liens qui vous t\u00e9l\u00e9porteront directement vers les autres plan\u00e8tes du <strong><a title=\"Entrez dans le syst\u00e8me Karuli\" href=\"http:\/\/karuli.net\/\" target=\"_blank\">syst\u00e8me Karuli<\/a><\/strong>, j&rsquo;ai nomm\u00e9 : <b><a title=\"Plan\u00e8te V'Ger, un monde d'image...\" href=\"http:\/\/sletch.overblog.com\/\" target=\"_blank\">V&rsquo;Ger<\/a><\/b> (prononcez <i>Vi&rsquo;djeur<\/i>),<strong> <a href=\"http:\/\/sletch2.over-blog.com\/\">Pulsar<\/a><\/strong> et <strong><a href=\"http:\/\/happyface.centerblog.net\/\">Happy face<\/a><\/strong>.<\/p>\n<p>Bonne visite !<\/p>\n<p>Sletch&rsquo;ment votre.<\/p>\n","protected":false},"excerpt":{"rendered":"<p>Bienvenue sur la Plan\u00e8te sletch ! Vous aimez les maquettes ? Vous \u00eates venus au bon endroit puisque l&rsquo;int\u00e9gralit\u00e9 de ce site est d\u00e9di\u00e9 aux mod\u00e8les r\u00e9duits ! En parcourant la barre de menu, vous d\u00e9couvrirez les montages r\u00e9alis\u00e9s par sletch et ses enfants Lili et K-mon (prononcez \u00ab\u00a0K Mone\u00a0\u00bb). Les montages termin\u00e9s sont directement &hellip; <a href=\"http:\/\/karuli.net\/blog\/a-propos\/\" class=\"more-link\">Continuer la lecture de <span class=\"screen-reader-text\">L&rsquo;astroport<\/span> <span class=\"meta-nav\">&rarr;<\/span><\/a><\/p>\n","protected":false},"author":1,"featured_media":0,"parent":0,"menu_order":0,"comment_status":"open","ping_status":"open","template":"","meta":{"_exactmetrics_skip_tracking":false,"_exactmetrics_sitenote_active":false,"_exactmetrics_sitenote_note":"","_exactmetrics_sitenote_category":0,"spay_email":""},"yoast_head":"<!-- This site is optimized with the Yoast SEO plugin v16.9 - https:\/\/yoast.com\/wordpress\/plugins\/seo\/ -->\n<meta name=\"robots\" content=\"index, follow, max-snippet:-1, max-image-preview:large, max-video-preview:-1\" \/>\n<link rel=\"canonical\" href=\"https:\/\/karuli.net\/blog\/a-propos\/\" \/>\n<meta property=\"og:locale\" content=\"fr_FR\" \/>\n<meta property=\"og:type\" content=\"article\" \/>\n<meta property=\"og:title\" content=\"L&#039;astroport - Plan\u00e8te sletch\" \/>\n<meta property=\"og:description\" content=\"Bienvenue sur la Plan\u00e8te sletch ! Vous aimez les maquettes ? Vous \u00eates venus au bon endroit puisque l&rsquo;int\u00e9gralit\u00e9 de ce site est d\u00e9di\u00e9 aux mod\u00e8les r\u00e9duits ! En parcourant la barre de menu, vous d\u00e9couvrirez les montages r\u00e9alis\u00e9s par sletch et ses enfants Lili et K-mon (prononcez \u00ab\u00a0K Mone\u00a0\u00bb). Les montages termin\u00e9s sont directement &hellip; Continuer la lecture de L&rsquo;astroport &rarr;\" \/>\n<meta property=\"og:url\" content=\"https:\/\/karuli.net\/blog\/a-propos\/\" \/>\n<meta property=\"og:site_name\" content=\"Plan\u00e8te sletch\" \/>\n<meta property=\"article:publisher\" content=\"https:\/\/www.facebook.com\/planete.sletch.3\" \/>\n<meta property=\"article:modified_time\" content=\"2014-10-24T11:32:50+00:00\" \/>\n<meta name=\"twitter:card\" content=\"summary\" \/>\n<meta name=\"twitter:label1\" content=\"Dur\u00e9e de lecture est.\" \/>\n\t<meta name=\"twitter:data1\" content=\"1 minute\" \/>\n<script type=\"application\/ld+json\" class=\"yoast-schema-graph\">{\"@context\":\"https:\/\/schema.org\",\"@graph\":[{\"@type\":\"WebSite\",\"@id\":\"https:\/\/karuli.net\/blog\/#website\",\"url\":\"https:\/\/karuli.net\/blog\/\",\"name\":\"Plan\\u00e8te sletch\",\"description\":\"Le fief de la maquette\",\"potentialAction\":[{\"@type\":\"SearchAction\",\"target\":{\"@type\":\"EntryPoint\",\"urlTemplate\":\"https:\/\/karuli.net\/blog\/?s={search_term_string}\"},\"query-input\":\"required name=search_term_string\"}],\"inLanguage\":\"fr-FR\"},{\"@type\":\"WebPage\",\"@id\":\"https:\/\/karuli.net\/blog\/a-propos\/#webpage\",\"url\":\"https:\/\/karuli.net\/blog\/a-propos\/\",\"name\":\"L'astroport - Plan\\u00e8te sletch\",\"isPartOf\":{\"@id\":\"https:\/\/karuli.net\/blog\/#website\"},\"datePublished\":\"2013-08-16T21:50:22+00:00\",\"dateModified\":\"2014-10-24T11:32:50+00:00\",\"breadcrumb\":{\"@id\":\"https:\/\/karuli.net\/blog\/a-propos\/#breadcrumb\"},\"inLanguage\":\"fr-FR\",\"potentialAction\":[{\"@type\":\"ReadAction\",\"target\":[\"https:\/\/karuli.net\/blog\/a-propos\/\"]}]},{\"@type\":\"BreadcrumbList\",\"@id\":\"https:\/\/karuli.net\/blog\/a-propos\/#breadcrumb\",\"itemListElement\":[{\"@type\":\"ListItem\",\"position\":1,\"name\":\"Accueil\",\"item\":\"https:\/\/karuli.net\/blog\/\"},{\"@type\":\"ListItem\",\"position\":2,\"name\":\"L&rsquo;astroport\"}]}]}<\/script>\n<!-- \/ Yoast SEO plugin. -->","yoast_head_json":{"robots":{"index":"index","follow":"follow","max-snippet":"max-snippet:-1","max-image-preview":"max-image-preview:large","max-video-preview":"max-video-preview:-1"},"canonical":"https:\/\/karuli.net\/blog\/a-propos\/","og_locale":"fr_FR","og_type":"article","og_title":"L'astroport - Plan\u00e8te sletch","og_description":"Bienvenue sur la Plan\u00e8te sletch ! Vous aimez les maquettes ? Vous \u00eates venus au bon endroit puisque l&rsquo;int\u00e9gralit\u00e9 de ce site est d\u00e9di\u00e9 aux mod\u00e8les r\u00e9duits ! En parcourant la barre de menu, vous d\u00e9couvrirez les montages r\u00e9alis\u00e9s par sletch et ses enfants Lili et K-mon (prononcez \u00ab\u00a0K Mone\u00a0\u00bb). Les montages termin\u00e9s sont directement &hellip; Continuer la lecture de L&rsquo;astroport &rarr;","og_url":"https:\/\/karuli.net\/blog\/a-propos\/","og_site_name":"Plan\u00e8te sletch","article_publisher":"https:\/\/www.facebook.com\/planete.sletch.3","article_modified_time":"2014-10-24T11:32:50+00:00","twitter_card":"summary","twitter_misc":{"Dur\u00e9e de lecture est.":"1 minute"},"schema":{"@context":"https:\/\/schema.org","@graph":[{"@type":"WebSite","@id":"https:\/\/karuli.net\/blog\/#website","url":"https:\/\/karuli.net\/blog\/","name":"Plan\u00e8te sletch","description":"Le fief de la maquette","potentialAction":[{"@type":"SearchAction","target":{"@type":"EntryPoint","urlTemplate":"https:\/\/karuli.net\/blog\/?s={search_term_string}"},"query-input":"required name=search_term_string"}],"inLanguage":"fr-FR"},{"@type":"WebPage","@id":"https:\/\/karuli.net\/blog\/a-propos\/#webpage","url":"https:\/\/karuli.net\/blog\/a-propos\/","name":"L'astroport - Plan\u00e8te sletch","isPartOf":{"@id":"https:\/\/karuli.net\/blog\/#website"},"datePublished":"2013-08-16T21:50:22+00:00","dateModified":"2014-10-24T11:32:50+00:00","breadcrumb":{"@id":"https:\/\/karuli.net\/blog\/a-propos\/#breadcrumb"},"inLanguage":"fr-FR","potentialAction":[{"@type":"ReadAction","target":["https:\/\/karuli.net\/blog\/a-propos\/"]}]},{"@type":"BreadcrumbList","@id":"https:\/\/karuli.net\/blog\/a-propos\/#breadcrumb","itemListElement":[{"@type":"ListItem","position":1,"name":"Accueil","item":"https:\/\/karuli.net\/blog\/"},{"@type":"ListItem","position":2,"name":"L&rsquo;astroport"}]}]}},"jetpack_sharing_enabled":true,"jetpack_shortlink":"https:\/\/wp.me\/P7txMJ-2","jetpack-related-posts":[],"_links":{"self":[{"href":"http:\/\/karuli.net\/blog\/wp-json\/wp\/v2\/pages\/2"}],"collection":[{"href":"http:\/\/karuli.net\/blog\/wp-json\/wp\/v2\/pages"}],"about":[{"href":"http:\/\/karuli.net\/blog\/wp-json\/wp\/v2\/types\/page"}],"author":[{"embeddable":true,"href":"http:\/\/karuli.net\/blog\/wp-json\/wp\/v2\/users\/1"}],"replies":[{"embeddable":true,"href":"http:\/\/karuli.net\/blog\/wp-json\/wp\/v2\/comments?post=2"}],"version-history":[{"count":19,"href":"http:\/\/karuli.net\/blog\/wp-json\/wp\/v2\/pages\/2\/revisions"}],"predecessor-version":[{"id":699,"href":"http:\/\/karuli.net\/blog\/wp-json\/wp\/v2\/pages\/2\/revisions\/699"}],"wp:attachment":[{"href":"http:\/\/karuli.net\/blog\/wp-json\/wp\/v2\/media?parent=2"}],"curies":[{"name":"wp","href":"https:\/\/api.w.org\/{rel}","templated":true}]}}